{"id":325,"date":"2015-10-31T22:01:00","date_gmt":"2015-11-01T01:01:00","guid":{"rendered":"http:\/\/techno-4eme.collomp.fr\/?page_id=325"},"modified":"2015-12-02T22:10:58","modified_gmt":"2015-12-03T01:10:58","slug":"ressources-chauffer-leau","status":"publish","type":"page","link":"https:\/\/techno-4eme.collomp.fr\/?page_id=325","title":{"rendered":"Ressources pour &#8220;Chauffer l&#8217;eau&#8221;"},"content":{"rendered":"<p><span style=\"text-decoration: underline;\"><strong>S\u00e9ance 01<\/strong><\/span><\/p>\n<p><strong>Ressources pour exercice 2<\/strong><\/p>\n<p>Pour faire vos investigations, utilisez\u00a0 le moteur de recherche GoogleImages.<\/p>\n<p>&nbsp;<\/p>\n<p>&nbsp;<\/p>\n<p><a href=\"https:\/\/techno-4eme.collomp.fr\/wp-content\/uploads\/2015\/10\/google-images.png\"><img decoding=\"async\" loading=\"lazy\" class=\"alignnone size-full wp-image-381\" src=\"https:\/\/techno-4eme.collomp.fr\/wp-content\/uploads\/2015\/10\/google-images.png\" alt=\"google images\" width=\"711\" height=\"205\" srcset=\"https:\/\/techno-4eme.collomp.fr\/wp-content\/uploads\/2015\/10\/google-images.png 711w, https:\/\/techno-4eme.collomp.fr\/wp-content\/uploads\/2015\/10\/google-images-300x86.png 300w\" sizes=\"(max-width: 711px) 100vw, 711px\" \/><\/a><\/p>\n<p>&nbsp;<\/p>\n<p><span style=\"text-decoration: underline;\"><strong>S\u00e9ance 02<\/strong><\/span><\/p>\n<p><strong>Ressources pour exercice 2<\/strong><\/p>\n<p>(d&#8217;apr\u00e8s http:\/\/chauffe-eau-illico.com et http:\/\/chauffe-eau.comprendrechoisir.com)<\/p>\n<p><strong><span style=\"text-decoration: underline;\">1. De mani\u00e8re g\u00e9n\u00e9rale, un chauffe-eau fonctionne de la mani\u00e8re suivante\u00a0<\/span><\/strong><\/p>\n<ul>\n<li>l\u2019eau froide arrive du r\u00e9seau (SGDE) et entre dans le chauffe-eau,<\/li>\n<li>elle ressort chaude du chauffe-eau\u00a0: sa fonction d\u2019usage (ou fonction principale) est donc de <em>chauffer l\u2018eau sanitaire de la maison<\/em>.<\/li>\n<\/ul>\n<p>Les techniciens qui ont invent\u00e9 le chauffe-eau sont partis du sch\u00e9ma pieuvre ci-dessous (il permet de repr\u00e9senter l\u2019objet et les \u00e9l\u00e9ments qui agissent sur lui).<\/p>\n<p><a href=\"https:\/\/techno-4eme.collomp.fr\/wp-content\/uploads\/2015\/10\/pieuvre-chauffe-eau.png\"><img decoding=\"async\" loading=\"lazy\" class=\"aligncenter wp-image-324\" src=\"https:\/\/techno-4eme.collomp.fr\/wp-content\/uploads\/2015\/10\/pieuvre-chauffe-eau.png\" alt=\"pieuvre chauffe-eau\" width=\"600\" height=\"311\" srcset=\"https:\/\/techno-4eme.collomp.fr\/wp-content\/uploads\/2015\/10\/pieuvre-chauffe-eau.png 821w, https:\/\/techno-4eme.collomp.fr\/wp-content\/uploads\/2015\/10\/pieuvre-chauffe-eau-300x156.png 300w\" sizes=\"(max-width: 600px) 100vw, 600px\" \/><\/a><\/p>\n<p><strong>Cet objet technique doit r\u00e9aliser sa fonction principale (FP) en respectant des contraintes (C) :<\/strong><\/p>\n<ul>\n<li><strong>\u00a0<\/strong>C1\u00a0: Fournir une eau chaude en quantit\u00e9 suffisante pour l\u2019utilisateur<\/li>\n<li>C2\u00a0: S\u2019adapter au milieu ambiant (humidit\u00e9, temp\u00e9rature\u2026)<\/li>\n<li>C3\u00a0: S\u2019adapter \u00e0 l\u2019\u00e9nergie disponible<\/li>\n<li>C4\u00a0: Respecter les normes et r\u00e8glements en vigueur<\/li>\n<li>C5\u00a0: Rester fix\u00e9 sur le support (mur, toit, sol\u2026)<\/li>\n<li>C6\u00a0: R\u00e9sister \u00e0 l\u2019eau chaude (temp\u00e9rature, oxydation\u2026)<\/li>\n<\/ul>\n<p><strong>\u00a0La solution technique la plus r\u00e9pandue en Guyane est le chauffe-eau \u00e9lectrique &#8220;bind\u00e9&#8221;.<br \/>\n<\/strong><\/p>\n<p><span style=\"text-decoration: underline;\"><strong>2. Le chauffe-eau \u00ab blind\u00e9 \u00bb<\/strong><\/span><\/p>\n<p>Cette gamme de chauffe-eau \u00e9lectrique est id\u00e9ale pour les petits budgets ou les clients d\u00e9sirant optimiser le rapport qualit\u00e9 \/ prix de leur investissement. Car le premier atout du chauffe-eau \u00e9lectrique blind\u00e9, c&#8217;est ind\u00e9niablement sa performance \u00e9conomique. Tout en respectant un cahier des charges techniques (pour les produits certifi\u00e9s), ils permettent de r\u00e9pondre \u00e0 des contraintes \u00e9conomiques sans concessions sur votre confort ou votre s\u00e9curit\u00e9. Ils offrent un large choix de mod\u00e8les permettant de satisfaire vos besoins en termes de capacit\u00e9 ou de configuration de votre logement. Ils existent en configurations vertical, horizontal, ou stable, vous trouverez donc n\u00e9cessairement un mod\u00e8le correspondant \u00e0 vos besoins.<\/p>\n<p>Le chauffe-eau \u00e9lectrique est le syst\u00e8me de production d\u2019eau chaude sanitaire le plus utilis\u00e9. Il est relativement simple \u00e0 mettre en \u0153uvre et ne demande aucune particularit\u00e9 pour \u00eatre install\u00e9. Il existe aujourd\u2019hui un large choix de volume de ballon, \u00e0 partir de 30 litres jusqu\u2019\u00e0 plusieurs centaines.<\/p>\n<p>La plupart des ballons \u00e9lectriques ont une taille variant de 50 litres \u00e0 300 litres qui correspondent bien aux besoins standards, de 1 personne seule \u00e0 une famille.<\/p>\n<p>Pour r\u00e9aliser l\u2019achat qui convient \u00e0 vos besoins, vous devez le dimensionner justement. Il existe des mod\u00e8les tr\u00e8s diff\u00e9rents avec des crit\u00e8res de performances eux aussi diff\u00e9rents.<\/p>\n<p>Par exemple au niveau de <strong>l\u2019isolation<\/strong>, s\u00e9lectionnez un cat\u00e9gorie C qui est la plus \u00e9lev\u00e9. Attention aussi \u00e0 <strong>la garantie<\/strong> : un chauffe-eau doit \u00eatre garanti 5 ans pour la cuve et 2 ans pour les pi\u00e8ces.<\/p>\n<p>\u00c9vitez les chauffe-eaux bas prix, mal isol\u00e9 avec une garantie de 2 ou 3 ans sur la cuve, vous risqueriez de le regretter rapidement \u2026<\/p>\n<p>&nbsp;<\/p>\n<p><strong>a.Fonctionnement<\/strong><\/p>\n<p>Dans le cas d\u2019un chauffe-eau \u00e9lectrique, c\u2019est une r\u00e9sistance \u00e9lectrique qui va fournir l\u2019eau chaude sanitaire en chauffant l\u2019eau contenue dans un ballon. La r\u00e9sistance \u00e9lectrique immerg\u00e9e chauffe l\u2019eau du ballon \u00e0 la temp\u00e9rature demand\u00e9e via un thermostat.<\/p>\n<p><a href=\"https:\/\/techno-4eme.collomp.fr\/wp-content\/uploads\/2015\/10\/schema-chauffe-eau-blinde.gif\"><img decoding=\"async\" loading=\"lazy\" class=\"size-full wp-image-329 aligncenter\" src=\"https:\/\/techno-4eme.collomp.fr\/wp-content\/uploads\/2015\/10\/schema-chauffe-eau-blinde.gif\" alt=\"schema-chauffe-eau-blinde\" width=\"640\" height=\"482\" \/><\/a><\/p>\n<p>Le chauffe-eau \u00e9lectrique est un ballon d\u2019eau accueillant une r\u00e9sistance ainsi qu\u2019un thermostat pour r\u00e9guler la temp\u00e9rature. C\u2019est la r\u00e9sistance \u00e9lectrique qui va chauffer l\u2019eau au sein du ballon.<\/p>\n<p><strong>b.Les \u00e9l\u00e9ments du chauffe-eau \u00e9lectrique et leur r\u00f4le :<\/strong><\/p>\n<p><strong><span style=\"text-decoration: underline;\">La r\u00e9sistance \u00e9lectrique<\/span><\/strong> :<\/p>\n<p>La r\u00e9sistance du chauffe-eau assure la mise en temp\u00e9rature de l&#8217;eau de la cuve. Elle agit en transformant l&#8217;\u00e9nergie \u00e9lectrique en \u00e9nergie thermique.C&#8217;est un appareil de chauffage qui se reconna\u00eet ais\u00e9ment\u00a0: elle poss\u00e8de un syst\u00e8me de connexion important \u00e0 sa base, g\u00e9n\u00e9ralement de forme tubulaire. La r\u00e9sistance de chauffe-eau se change assez facilement.<\/p>\n<p>Il existe deux types de r\u00e9sistances pour chauffe-eau\u00a0:<\/p>\n<ul>\n<li>les r\u00e9sistances thermoplong\u00e9es\u00a0: elles ont une protection en acier blind\u00e9 et sont directement au contact de l&#8217;eau.<\/li>\n<li>les r\u00e9sistances en st\u00e9atite\u00a0: elles sont prot\u00e9g\u00e9es par un fourreau qui peut \u00eatre en \u00e9mail et \u00e9vite le contact direct de la r\u00e9sistance avec l&#8217;eau.<\/li>\n<\/ul>\n<p>En Guyane la plupart des chauffe-eau ont des r\u00e9sistances thermoplong\u00e9es.<\/p>\n<p><span style=\"text-decoration: underline;\"><strong>L&#8217;anode<\/strong><\/span><\/p>\n<p>-L&#8217;anode se situe \u00e0 c\u00f4t\u00e9 de la r\u00e9sistance et est parfois difficile \u00e0 extraire par manque de place. L&#8217;anode ne s&#8217;entretient pas en tant que telle, mais il est possible de la nettoyer lorsque vous faites la <a href=\"http:\/\/chauffe-eau.comprendrechoisir.com\/comprendre\/vidange-chauffe-eau\">vidange<\/a> de la cuve ou bien lors du remplacement de la r\u00e9sistance. Vous pouvez la v\u00e9rifier une fois par an pour mesurer son \u00e9tat\u00a0: attention, c&#8217;est un \u00e9l\u00e9ment fragile qu&#8217;il faut manipuler avec prudence. Il est recommand\u00e9 de changer l&#8217;anode du chauffe-eau tous les 5 ans, 10 ans si votre eau n&#8217;est pas trop dure. Elle est aussi appel\u00e9e anode sacrificielle. L&#8217;anode d&#8217;un chauffe-eau sert \u00e0 prot\u00e9ger la cuve de votre chauffe-eau de la corrosion.Elle se corrode \u00e0 la place de votre cuve\u00a0: en s&#8217;oxydant, elle se d\u00e9truit petit \u00e0 petit \u00e0 la place des parois de la cuve. La dur\u00e9e de vie de votre chauffe-eau d\u00e9pend directement de la dur\u00e9e de vie de son anode. Pour qu&#8217;une anode soit fonctionnelle, le m\u00e9tal qui la compose doit \u00eatre plus r\u00e9ducteur que le m\u00e9tal qu&#8217;elle prot\u00e8ge. G\u00e9n\u00e9ralement en magn\u00e9sium pour le chauffe-eau, il faut la remplacer lorsqu&#8217;il ne reste que 25 % de la partie consommable de l&#8217;anode.<\/p>\n<p><span style=\"text-decoration: underline;\"><strong>La cuve<\/strong><\/span> :<\/p>\n<p>Le r\u00f4le essentiel de la cuve d&#8217;un chauffe-eau est d&#8217;\u00eatre un r\u00e9servoir de stockage d&#8217;eau, et en ce sens, d&#8217;\u00eatre constamment rempli. Les mat\u00e9riaux de fabrication de la cuve sont notamment l&#8217;acier, le cuivre, le plastique et le composite.Contenant de l&#8217;eau, la cuve est souvent prot\u00e9g\u00e9e de la corrosion par de l&#8217;\u00e9mail, cuit au four, ou par un rev\u00eatement min\u00e9ral. En outre, le poids d&#8217;une cuve remplie d&#8217;eau n&#8217;\u00e9tant pas n\u00e9gligeable, son installation r\u00e9clame un soin particulier surtout en pose murale ou mural sur tr\u00e9pied.<\/p>\n<p><span style=\"text-decoration: underline;\"><strong>Le thermostat<\/strong><\/span> :<\/p>\n<p>Le r\u00e9glage de la temp\u00e9rature de votre chauffe-eau se fait sur le thermostat de votre chaudi\u00e8re.<\/p>\n<p>La temp\u00e9rature id\u00e9ale de votre chauffe-eau se situe au alentour de 60\u00a0\u00b0C\/ 65\u00a0\u00b0C\u00a0:<\/p>\n<ul>\n<li>en-dessous\u00a0: il y a un risque de l\u00e9gionellose,<\/li>\n<li>au-dessus\u00a0: il y a un risque de br\u00fblure important.<\/li>\n<\/ul>\n<p>La r\u00e9duction d&#8217;un degr\u00e9 sur votre thermostat peut vous faire \u00e9conomiser environ 7 % d&#8217;\u00e9nergie.<\/p>\n<p>L&#8217;eau se m\u00e9langeant \u00e0 l&#8217;eau froide via votre robinet, elle doit sortir au maximum \u00e0 38\u00a0\u00b0C\u00a0: au-dessus, vous commencez \u00e0 vous br\u00fbler.<\/p>\n<p><span style=\"text-decoration: underline;\"><strong>c.Energie : Pensez \u00e0 faire des \u00e9conomies<\/strong><\/span><\/p>\n<p>Pour faire des \u00e9conomies, il vous faut adapter la mise en route lorsque le kWh est le moins cher. Pour cela, vous devez souscrire l\u2019option tarifaire heures \u00ab\u00a0creuses\u00a0\u00bb \/ heures \u00ab\u00a0pleines\u00a0\u00bb aupr\u00e8s de votre fournisseur d\u2019\u00e9lectricit\u00e9. Dans ce cas, votre chauffe-eau se mettra en marche automatiquement s\u2019il est pr\u00e9vu pour pendant les heures \u00ab\u00a0creuses\u00a0\u00bb. Votre chauffe-eau doit poss\u00e9der la fonctionnalit\u00e9 permettant le passage automatique en heures \u00ab\u00a0creuses\u00a0\u00bb. Il est toujours possible, en cas de besoin ponctuel, de faire fonctionner le chauffe-eau en dehors des heures creuses en le passant en marche forc\u00e9e.<\/p>\n<p><strong>d.Avant d&#8217;acheter : Les points \u00e0 v\u00e9rifier sur votre chauffe-eau<\/strong> :<\/p>\n<p>\u2013 L\u2019isolation : Elle est essentielle. Les mod\u00e8les r\u00e9cents poss\u00e8dent une bonne (voire excellente) isolation. Gr\u00e2ce \u00e0 cela, votre eau peut rester chaude pendant plusieurs heures sans apports calorifique donc \u00e9lectrique.<\/p>\n<p>\u2013 La marche en HC (heures creuses) : L\u00e0 aussi, la plupart des chauffe-eaux r\u00e9cents permettent automatiquement un fonctionnement en heures creuses (de 22h30 \u00e0 7 h en France). Le chauffage de votre eau sanitaire vous co\u00fbte ainsi moins ch\u00e8re.<\/p>\n<p>\u2013 L\u2019entartrage : Quelques millim\u00e8tres de tartre sur une r\u00e9sistance entrainent une surconsommation \u00e9lectrique. Les r\u00e9sistances st\u00e9atites sont prot\u00e9g\u00e9es par un fourreau contrairement aux r\u00e9sistances thermoplongeurs qui sont en contact direct avec l\u2019eau chaude. Cela permet de limiter fortement l\u2019entartrage. Vous avez aussi la possibilit\u00e9 d\u2019installer un syst\u00e8me anti-tartre.<\/p>\n<p>&nbsp;<\/p>\n<p><strong>e.Installation : Quelle place ? La dimension et le positionnement de votre chauffe-eau \u00e9lectrique<\/strong><\/p>\n<p>L\u2019encombrement doit \u00eatre pris en compte dans le choix de votre chauffe-eau \u00e9lectrique. Horizontaux, verticaux, raccordement par-dessous ou sur le c\u00f4t\u00e9, muraux ou sur tr\u00e9pied, \u2026 Le choix est large et permet de choisir aussi le mod\u00e8le qui rentrera dans l\u2019espace disponible chez vous.<\/p>\n<p>La capacit\u00e9 de votre chauffe-eau va d\u00e9pendre de votre usage (douche, bain, vaisselle, \u2026), du nombre de personnes composant le logement mais aussi du nombre de pi\u00e8ces (Pr\u00e9conisation PROMOTELEC).<\/p>\n<p>Le tableau de dimensionnement de chauffe-eau \u00e9lectrique ci-dessous d\u00e9taille le besoin en eau chaude. Il ne s\u2019agit pas de la taille du ballon \u00e9lectrique.<\/p>\n<p><a href=\"https:\/\/techno-4eme.collomp.fr\/wp-content\/uploads\/2015\/10\/taille-chauffe-eau-electrique.jpg\"><img decoding=\"async\" loading=\"lazy\" class=\"alignnone size-full wp-image-332\" src=\"https:\/\/techno-4eme.collomp.fr\/wp-content\/uploads\/2015\/10\/taille-chauffe-eau-electrique.jpg\" alt=\"taille-chauffe-eau-electrique\" width=\"535\" height=\"320\" srcset=\"https:\/\/techno-4eme.collomp.fr\/wp-content\/uploads\/2015\/10\/taille-chauffe-eau-electrique.jpg 535w, https:\/\/techno-4eme.collomp.fr\/wp-content\/uploads\/2015\/10\/taille-chauffe-eau-electrique-300x179.jpg 300w\" sizes=\"(max-width: 535px) 100vw, 535px\" \/><\/a><\/p>\n<p><span style=\"text-decoration: underline;\"><strong>S\u00e9ance 03<\/strong><\/span><\/p>\n<p>Voici une animation r\u00e9alis\u00e9e par EDF. A tout moment vous pouvez faire une pause ou revenir en arri\u00e8re. (pas de son)<\/p>\n<p><object data=\"https:\/\/techno-4eme.collomp.fr\/wp-content\/uploads\/2015\/11\/chauffe-eau_solaire-EDF.swf\" type=\"application\/x-shockwave-flash\" width=\"650\" height=\"600\"><param name=\"movie\" value=\"url SWF\" \/><\/object><\/p>\n<p><span style=\"text-decoration: underline;\"><strong>S\u00e9ance 04<\/strong><\/span><\/p>\n<!-- AddThis Advanced Settings generic via filter on the_content --><!-- AddThis Share Buttons generic via filter on the_content -->","protected":false},"excerpt":{"rendered":"<p>S\u00e9ance 01 Ressources pour exercice 2 Pour faire vos investigations, utilisez\u00a0 le moteur de recherche GoogleImages. &nbsp; &nbsp; &nbsp; S\u00e9ance 02 Ressources pour exercice 2 (d&#8217;apr\u00e8s http:\/\/chauffe-eau-illico.com et http:\/\/chauffe-eau.comprendrechoisir.com) 1. De mani\u00e8re g\u00e9n\u00e9rale, un chauffe-eau fonctionne de la mani\u00e8re suivante\u00a0 l\u2019eau froide arrive du r\u00e9seau (SGDE) et entre dans le chauffe-eau, elle ressort chaude du [&hellip;]<!-- AddThis Advanced Settings generic via filter on get_the_excerpt --><!-- AddThis Share Buttons generic via filter on get_the_excerpt --><\/p>\n","protected":false},"author":1,"featured_media":0,"parent":0,"menu_order":0,"comment_status":"closed","ping_status":"closed","template":"","meta":[],"_links":{"self":[{"href":"https:\/\/techno-4eme.collomp.fr\/index.php?rest_route=\/wp\/v2\/pages\/325"}],"collection":[{"href":"https:\/\/techno-4eme.collomp.fr\/index.php?rest_route=\/wp\/v2\/pages"}],"about":[{"href":"https:\/\/techno-4eme.collomp.fr\/index.php?rest_route=\/wp\/v2\/types\/page"}],"author":[{"embeddable":true,"href":"https:\/\/techno-4eme.collomp.fr\/index.php?rest_route=\/wp\/v2\/users\/1"}],"replies":[{"embeddable":true,"href":"https:\/\/techno-4eme.collomp.fr\/index.php?rest_route=%2Fwp%2Fv2%2Fcomments&post=325"}],"version-history":[{"count":17,"href":"https:\/\/techno-4eme.collomp.fr\/index.php?rest_route=\/wp\/v2\/pages\/325\/revisions"}],"predecessor-version":[{"id":384,"href":"https:\/\/techno-4eme.collomp.fr\/index.php?rest_route=\/wp\/v2\/pages\/325\/revisions\/384"}],"wp:attachment":[{"href":"https:\/\/techno-4eme.collomp.fr\/index.php?rest_route=%2Fwp%2Fv2%2Fmedia&parent=325"}],"curies":[{"name":"wp","href":"https:\/\/api.w.org\/{rel}","templated":true}]}}