{"id":242,"date":"2014-12-01T19:53:04","date_gmt":"2014-12-01T22:53:04","guid":{"rendered":"http:\/\/techno-4eme.collomp.fr\/?page_id=242"},"modified":"2017-03-01T19:16:03","modified_gmt":"2017-03-01T22:16:03","slug":"ressources-pour-faciliter-lacces-a-son-terrain","status":"publish","type":"page","link":"https:\/\/techno-4eme.collomp.fr\/?page_id=242","title":{"rendered":"Ressources pour &#8220;Faciliter l&#8217;acc\u00e8s \u00e0 son terrain&#8221;"},"content":{"rendered":"<p>Voici les ressources pour r\u00e9aliser les investigations sur le centre d&#8217;int\u00e9r\u00eat &#8220;Faciliter l&#8217;acc\u00e8s \u00e0 son terrain&#8221; (portail automatique).<\/p>\n<p><span style=\"text-decoration: underline;\"><strong>S\u00e9ance 01<\/strong><\/span>:<\/p>\n<ul>\n<li>Pour l&#8217;exercice 1 :<\/li>\n<\/ul>\n<p>&nbsp;<br \/>\n<iframe loading=\"lazy\" width=\"654\" height=\"480\" src=\"https:\/\/www.youtube.com\/embed\/IGRET0malEI\" frameborder=\"0\" allowfullscreen><\/iframe><\/p>\n<p><a title=\"Dossier portail automatique\" href=\"http:\/\/www.futura-sciences.com\/magazines\/maison\/infos\/dossiers\/d\/maison-domotique-maison-intelligente-1007\/page\/11\/\" target=\"_blank\">Voir www.futura-sciences.com<\/a><\/p>\n<p><a title=\"Dossier portail automatique\" href=\"http:\/\/www.automatisme-domotique.com\/portails-clotures.asp\" target=\"_blank\">Voir www.automatisme-domotique.com<\/a><\/p>\n<ul>\n<li>Pour l&#8217;exercice 2 : Animation flash fonctionnement d&#8217;une solution coulissante (du site www.cite-clemenceau-montpellier.fr)<\/li>\n<\/ul>\n<p><iframe loading=\"lazy\" src=\"http:\/\/cite-clemenceau-montpellier.fr\/college\/tl_files\/Disciplines\/Technologie\/Quatrieme\/Animation_portail.swf\" width=\"750\" height=\"611\"><\/iframe><\/p>\n<ul>\n<li>Pour l&#8217;exercice 3 : <a href=\"http:\/\/blog.fermetures-neuvillaises.fr\/pose-portails-automatiques-electriques-rouen-normandie-avantages-inconvenients\" target=\"_blank\">Avantages et inconv\u00e9nients<\/a><\/li>\n<\/ul>\n<p><span style=\"text-decoration: underline;\"><strong>S\u00e9ance 02<\/strong><\/span>:<br \/>\nVoici un diaporama r\u00e9alis\u00e9 par l&#8217;Acad\u00e9mie de Martinique.<\/p>\n<p>&nbsp;<\/p>\n<p><iframe loading=\"lazy\" src=\"https:\/\/drive.google.com\/file\/d\/0B5z5UNJc4lJHSTRDV2U1UWRMTFU\/view?usp=sharing\" width=\"640\" height=\"520\"><\/iframe><\/p>\n<p><a href=\"https:\/\/drive.google.com\/file\/d\/0B5z5UNJc4lJHVHQxU25sSzVWcTA\/view?usp=sharing\" target=\"_blank\">T\u00e9l\u00e9charger le fichier Powerpoint (.ppsx)<\/a><\/p>\n<p><span style=\"text-decoration: underline;\"><strong>S\u00e9ance 03 :<\/strong><\/span><\/p>\n<p>Pour continuer \u00e0 la maison&#8230;<\/p>\n<p>Pour r\u00e9aliser les investigations de la s\u00e9ance 03 tu peux t\u00e9l\u00e9charger le programme portail et lancer : portail.exe<\/p>\n<p><a href=\"https:\/\/drive.google.com\/folderview?id=0B5z5UNJc4lJHRjJYNGIzUmotM3M&amp;usp=sharing\" target=\"_blank\">T\u00e9l\u00e9charger le programme &#8220;Portail&#8221;<\/a><\/p>\n<p><span style=\"text-decoration: underline;\"><strong>S\u00e9ance 04 :<\/strong><\/span><\/p>\n<p><a href=\"https:\/\/drive.google.com\/file\/d\/0B5z5UNJc4lJHQzNiaVFicFMyM2s\/view?usp=sharing\" target=\"_blank\">T\u00e9l\u00e9charger la ressource IR.<\/a><\/p>\n<p><a href=\"https:\/\/drive.google.com\/file\/d\/0B5z5UNJc4lJHeWE3YVhLa3hQa1U\/view?usp=sharing\" target=\"_blank\">T\u00e9l\u00e9charger la ressource RF.<\/a><\/p>\n<p><a href=\"https:\/\/drive.google.com\/file\/d\/0B5z5UNJc4lJHVmhQNzNBNXdMR1U\/view?usp=sharing\" target=\"_blank\">T\u00e9l\u00e9charger la notice du Xportail.<\/a><\/p>\n<p><span style=\"text-decoration: underline;\"><strong>S\u00e9ance 05 :<\/strong><\/span><\/p>\n<p><a href=\"https:\/\/techno-4eme.collomp.fr\/wp-content\/uploads\/2014\/12\/4S18-limiteur-chaines-information-et-energie.jpg\"><img decoding=\"async\" loading=\"lazy\" class=\"size-medium wp-image-266 aligncenter\" src=\"https:\/\/techno-4eme.collomp.fr\/wp-content\/uploads\/2014\/12\/4S18-limiteur-chaines-information-et-energie-300x165.jpg\" alt=\"4S18-limiteur-chaines information et energie\" width=\"300\" height=\"165\" srcset=\"https:\/\/techno-4eme.collomp.fr\/wp-content\/uploads\/2014\/12\/4S18-limiteur-chaines-information-et-energie-300x165.jpg 300w, https:\/\/techno-4eme.collomp.fr\/wp-content\/uploads\/2014\/12\/4S18-limiteur-chaines-information-et-energie.jpg 1023w\" sizes=\"(max-width: 300px) 100vw, 300px\" \/><\/a><\/p>\n<p><a href=\"https:\/\/drive.google.com\/file\/d\/0B5z5UNJc4lJHbk1XM3FyUkdPR1k\/view?usp=sharing\" target=\"_blank\">T\u00e9l\u00e9charger la ressource &#8220;limiteur de force&#8221;.<\/a><\/p>\n<p><a href=\"https:\/\/drive.google.com\/file\/d\/0B5z5UNJc4lJHVmhQNzNBNXdMR1U\/view?usp=sharing\" target=\"_blank\">T\u00e9l\u00e9charger la notice du Xportail.<\/a><\/p>\n<p>&nbsp;<\/p>\n<p><span style=\"text-decoration: underline;\"><strong>S\u00e9ance 06 :<\/strong><\/span><\/p>\n<p>Voici les images utiles pou faire vos recherches sur GoogleImages.<\/p>\n\n\t\t<style type=\"text\/css\">\n\t\t\t#gallery-1 {\n\t\t\t\tmargin: auto;\n\t\t\t}\n\t\t\t#gallery-1 .gallery-item {\n\t\t\t\tfloat: left;\n\t\t\t\tmargin-top: 10px;\n\t\t\t\ttext-align: center;\n\t\t\t\twidth: 33%;\n\t\t\t}\n\t\t\t#gallery-1 img {\n\t\t\t\tborder: 2px solid #cfcfcf;\n\t\t\t}\n\t\t\t#gallery-1 .gallery-caption {\n\t\t\t\tmargin-left: 0;\n\t\t\t}\n\t\t\t\/* see gallery_shortcode() in wp-includes\/media.php *\/\n\t\t<\/style>\n\t\t<div id='gallery-1' class='gallery galleryid-242 gallery-columns-3 gallery-size-thumbnail'><dl class='gallery-item'>\n\t\t\t<dt class='gallery-icon landscape'>\n\t\t\t\t<a href='https:\/\/techno-4eme.collomp.fr\/?attachment_id=283'><img width=\"150\" height=\"150\" src=\"https:\/\/techno-4eme.collomp.fr\/wp-content\/uploads\/2014\/12\/155753_BB_00_FB_EPS_1000-150x150.jpg\" class=\"attachment-thumbnail size-thumbnail\" alt=\"\" decoding=\"async\" loading=\"lazy\" srcset=\"https:\/\/techno-4eme.collomp.fr\/wp-content\/uploads\/2014\/12\/155753_BB_00_FB_EPS_1000-150x150.jpg 150w, https:\/\/techno-4eme.collomp.fr\/wp-content\/uploads\/2014\/12\/155753_BB_00_FB_EPS_1000-300x300.jpg 300w, https:\/\/techno-4eme.collomp.fr\/wp-content\/uploads\/2014\/12\/155753_BB_00_FB_EPS_1000.jpg 1000w\" sizes=\"(max-width: 150px) 100vw, 150px\" \/><\/a>\n\t\t\t<\/dt><\/dl><dl class='gallery-item'>\n\t\t\t<dt class='gallery-icon landscape'>\n\t\t\t\t<a href='https:\/\/techno-4eme.collomp.fr\/?attachment_id=284'><img width=\"150\" height=\"150\" src=\"https:\/\/techno-4eme.collomp.fr\/wp-content\/uploads\/2014\/12\/443906_BB_00_FB_EPS_1000-150x150.jpg\" class=\"attachment-thumbnail size-thumbnail\" alt=\"\" decoding=\"async\" loading=\"lazy\" srcset=\"https:\/\/techno-4eme.collomp.fr\/wp-content\/uploads\/2014\/12\/443906_BB_00_FB_EPS_1000-150x150.jpg 150w, https:\/\/techno-4eme.collomp.fr\/wp-content\/uploads\/2014\/12\/443906_BB_00_FB_EPS_1000-300x300.jpg 300w, https:\/\/techno-4eme.collomp.fr\/wp-content\/uploads\/2014\/12\/443906_BB_00_FB_EPS_1000.jpg 1000w\" sizes=\"(max-width: 150px) 100vw, 150px\" \/><\/a>\n\t\t\t<\/dt><\/dl><dl class='gallery-item'>\n\t\t\t<dt class='gallery-icon landscape'>\n\t\t\t\t<a href='https:\/\/techno-4eme.collomp.fr\/?attachment_id=285'><img width=\"150\" height=\"150\" src=\"https:\/\/techno-4eme.collomp.fr\/wp-content\/uploads\/2014\/12\/502570_BB_00_FB_EPS_1000-150x150.jpg\" class=\"attachment-thumbnail size-thumbnail\" alt=\"\" decoding=\"async\" loading=\"lazy\" srcset=\"https:\/\/techno-4eme.collomp.fr\/wp-content\/uploads\/2014\/12\/502570_BB_00_FB_EPS_1000-150x150.jpg 150w, https:\/\/techno-4eme.collomp.fr\/wp-content\/uploads\/2014\/12\/502570_BB_00_FB_EPS_1000-300x300.jpg 300w, https:\/\/techno-4eme.collomp.fr\/wp-content\/uploads\/2014\/12\/502570_BB_00_FB_EPS_1000.jpg 1000w\" sizes=\"(max-width: 150px) 100vw, 150px\" \/><\/a>\n\t\t\t<\/dt><\/dl><br style=\"clear: both\" \/><dl class='gallery-item'>\n\t\t\t<dt class='gallery-icon landscape'>\n\t\t\t\t<a href='https:\/\/techno-4eme.collomp.fr\/?attachment_id=286'><img width=\"150\" height=\"150\" src=\"https:\/\/techno-4eme.collomp.fr\/wp-content\/uploads\/2014\/12\/503879_LB_00_FB_EPS_1000-150x150.jpg\" class=\"attachment-thumbnail size-thumbnail\" alt=\"\" decoding=\"async\" loading=\"lazy\" srcset=\"https:\/\/techno-4eme.collomp.fr\/wp-content\/uploads\/2014\/12\/503879_LB_00_FB_EPS_1000-150x150.jpg 150w, https:\/\/techno-4eme.collomp.fr\/wp-content\/uploads\/2014\/12\/503879_LB_00_FB_EPS_1000-300x300.jpg 300w, https:\/\/techno-4eme.collomp.fr\/wp-content\/uploads\/2014\/12\/503879_LB_00_FB_EPS_1000.jpg 1000w\" sizes=\"(max-width: 150px) 100vw, 150px\" \/><\/a>\n\t\t\t<\/dt><\/dl><dl class='gallery-item'>\n\t\t\t<dt class='gallery-icon landscape'>\n\t\t\t\t<a href='https:\/\/techno-4eme.collomp.fr\/?attachment_id=287'><img width=\"150\" height=\"150\" src=\"https:\/\/techno-4eme.collomp.fr\/wp-content\/uploads\/2014\/12\/704963_LB_00_FB_EPS_1000-150x150.jpg\" class=\"attachment-thumbnail size-thumbnail\" alt=\"\" decoding=\"async\" loading=\"lazy\" srcset=\"https:\/\/techno-4eme.collomp.fr\/wp-content\/uploads\/2014\/12\/704963_LB_00_FB_EPS_1000-150x150.jpg 150w, https:\/\/techno-4eme.collomp.fr\/wp-content\/uploads\/2014\/12\/704963_LB_00_FB_EPS_1000-300x300.jpg 300w, https:\/\/techno-4eme.collomp.fr\/wp-content\/uploads\/2014\/12\/704963_LB_00_FB_EPS_1000.jpg 1000w\" sizes=\"(max-width: 150px) 100vw, 150px\" \/><\/a>\n\t\t\t<\/dt><\/dl><dl class='gallery-item'>\n\t\t\t<dt class='gallery-icon landscape'>\n\t\t\t\t<a href='https:\/\/techno-4eme.collomp.fr\/?attachment_id=288'><img width=\"150\" height=\"150\" src=\"https:\/\/techno-4eme.collomp.fr\/wp-content\/uploads\/2014\/12\/731091_LB_00_FB_EPS_1000-150x150.jpg\" class=\"attachment-thumbnail size-thumbnail\" alt=\"\" decoding=\"async\" loading=\"lazy\" srcset=\"https:\/\/techno-4eme.collomp.fr\/wp-content\/uploads\/2014\/12\/731091_LB_00_FB_EPS_1000-150x150.jpg 150w, https:\/\/techno-4eme.collomp.fr\/wp-content\/uploads\/2014\/12\/731091_LB_00_FB_EPS_1000-300x300.jpg 300w, https:\/\/techno-4eme.collomp.fr\/wp-content\/uploads\/2014\/12\/731091_LB_00_FB_EPS_1000.jpg 1000w\" sizes=\"(max-width: 150px) 100vw, 150px\" \/><\/a>\n\t\t\t<\/dt><\/dl><br style=\"clear: both\" \/>\n\t\t<\/div>\n\n<p><span style=\"text-decoration: underline;\"><strong>S\u00e9ance 07 :<\/strong><\/span><\/p>\n<p><a href=\"https:\/\/drive.google.com\/file\/d\/0B5z5UNJc4lJHVmhQNzNBNXdMR1U\/view?usp=sharing\" target=\"_blank\">T\u00e9l\u00e9charger la notice du Xportail.<\/a><\/p>\n<!-- AddThis Advanced Settings generic via filter on the_content --><!-- AddThis Share Buttons generic via filter on the_content -->","protected":false},"excerpt":{"rendered":"<p>Voici les ressources pour r\u00e9aliser les investigations sur le centre d&#8217;int\u00e9r\u00eat &#8220;Faciliter l&#8217;acc\u00e8s \u00e0 son terrain&#8221; (portail automatique). S\u00e9ance 01: Pour l&#8217;exercice 1 : &nbsp; Voir www.futura-sciences.com Voir www.automatisme-domotique.com Pour l&#8217;exercice 2 : Animation flash fonctionnement d&#8217;une solution coulissante (du site www.cite-clemenceau-montpellier.fr) Pour l&#8217;exercice 3 : Avantages et inconv\u00e9nients S\u00e9ance 02: Voici un diaporama r\u00e9alis\u00e9 [&hellip;]<!-- AddThis Advanced Settings generic via filter on get_the_excerpt --><!-- AddThis Share Buttons generic via filter on get_the_excerpt --><\/p>\n","protected":false},"author":1,"featured_media":0,"parent":0,"menu_order":0,"comment_status":"open","ping_status":"open","template":"","meta":[],"_links":{"self":[{"href":"https:\/\/techno-4eme.collomp.fr\/index.php?rest_route=\/wp\/v2\/pages\/242"}],"collection":[{"href":"https:\/\/techno-4eme.collomp.fr\/index.php?rest_route=\/wp\/v2\/pages"}],"about":[{"href":"https:\/\/techno-4eme.collomp.fr\/index.php?rest_route=\/wp\/v2\/types\/page"}],"author":[{"embeddable":true,"href":"https:\/\/techno-4eme.collomp.fr\/index.php?rest_route=\/wp\/v2\/users\/1"}],"replies":[{"embeddable":true,"href":"https:\/\/techno-4eme.collomp.fr\/index.php?rest_route=%2Fwp%2Fv2%2Fcomments&post=242"}],"version-history":[{"count":17,"href":"https:\/\/techno-4eme.collomp.fr\/index.php?rest_route=\/wp\/v2\/pages\/242\/revisions"}],"predecessor-version":[{"id":447,"href":"https:\/\/techno-4eme.collomp.fr\/index.php?rest_route=\/wp\/v2\/pages\/242\/revisions\/447"}],"wp:attachment":[{"href":"https:\/\/techno-4eme.collomp.fr\/index.php?rest_route=%2Fwp%2Fv2%2Fmedia&parent=242"}],"curies":[{"name":"wp","href":"https:\/\/api.w.org\/{rel}","templated":true}]}}